{"id":1835,"date":"2023-12-12T15:14:33","date_gmt":"2023-12-12T20:14:33","guid":{"rendered":"https:\/\/aguadasmagica.com\/?page_id=1835"},"modified":"2024-02-13T08:08:06","modified_gmt":"2024-02-13T13:08:06","slug":"urbanas","status":"publish","type":"page","link":"https:\/\/aguadasmagica.com\/index.php\/urbanas\/","title":{"rendered":"Urbanas"},"content":{"rendered":"\t\t<div data-elementor-type=\"wp-page\" data-elementor-id=\"1835\" class=\"elementor elementor-1835\">\n\t\t\t\t<div class=\"elementor-element elementor-element-c4747f6 e-flex e-con-boxed e-con e-parent\" data-id=\"c4747f6\" data-element_type=\"container\" data-settings=\"{&quot;background_background&quot;:&quot;classic&quot;}\">\n\t\t\t\t\t<div class=\"e-con-inner\">\n\t\t\t\t<div class=\"elementor-element elementor-element-c3cce22 elementor-widget elementor-widget-heading\" data-id=\"c3cce22\" data-element_type=\"widget\" data-widget_type=\"heading.default\">\n\t\t\t\t<div class=\"elementor-widget-container\">\n\t\t\t\t\t<h2 class=\"elementor-heading-title elementor-size-default\">Experiencias Urbanas<\/h2>\t\t\t\t<\/div>\n\t\t\t\t<\/div>\n\t\t\t\t\t<\/div>\n\t\t\t\t<\/div>\n\t\t<div class=\"elementor-element elementor-element-bcdf1d5 e-flex e-con-boxed e-con e-parent\" data-id=\"bcdf1d5\" data-element_type=\"container\">\n\t\t\t\t\t<div class=\"e-con-inner\">\n\t\t<div class=\"elementor-element elementor-element-be70139 e-flex e-con-boxed e-con e-child\" data-id=\"be70139\" data-element_type=\"container\">\n\t\t\t\t\t<div class=\"e-con-inner\">\n\t\t\t\t<div class=\"elementor-element elementor-element-df06daf elementor-widget elementor-widget-text-editor\" data-id=\"df06daf\" data-element_type=\"widget\" data-widget_type=\"text-editor.default\">\n\t\t\t\t<div class=\"elementor-widget-container\">\n\t\t\t\t\t\t\t\t\t<div class=\"flex-1 overflow-hidden\"><div class=\"react-scroll-to-bottom--css-tycjc-79elbk h-full\"><div class=\"react-scroll-to-bottom--css-tycjc-1n7m0yu\"><div class=\"flex flex-col pb-9 text-sm\"><div class=\"w-full text-token-text-primary\" data-testid=\"conversation-turn-3\"><div class=\"px-4 py-2 justify-center text-base md:gap-6 m-auto\"><div class=\"flex flex-1 text-base mx-auto gap-3 md:px-5 lg:px-1 xl:px-5 md:max-w-3xl lg:max-w-[40rem] xl:max-w-[48rem] group final-completion\"><div class=\"relative flex w-full flex-col lg:w-[calc(100%-115px)] agent-turn\"><div class=\"flex-col gap-1 md:gap-3\"><div class=\"flex flex-grow flex-col max-w-full\"><div class=\"min-h-[20px] text-message flex flex-col items-start gap-3 whitespace-pre-wrap break-words [.text-message+&amp;]:mt-5 overflow-x-auto\" data-message-author-role=\"assistant\" data-message-id=\"46b93f69-8cf7-4002-a316-49c50e3dccc8\"><div class=\"markdown prose w-full break-words dark:prose-invert light\"><p>Sum\u00e9rgete en la riqueza hist\u00f3rica, cultural y arquitect\u00f3nica de este vibrante pueblo mientras exploramos juntos sus calles, parques llenos de vida y monumentos que narran la historia de una comunidad llena de tradiciones y cultura.<\/p><\/div><\/div><\/div><\/div><\/div><\/div><\/div><\/div><\/div><\/div><\/div><\/div>\t\t\t\t\t\t\t\t<\/div>\n\t\t\t\t<\/div>\n\t\t\t\t\t<\/div>\n\t\t\t\t<\/div>\n\t\t\t\t\t<\/div>\n\t\t\t\t<\/div>\n\t\t<div class=\"elementor-element elementor-element-01490be e-flex e-con-boxed e-con e-parent\" data-id=\"01490be\" data-element_type=\"container\">\n\t\t\t\t\t<div class=\"e-con-inner\">\n\t\t\t\t<div class=\"elementor-element elementor-element-da5ef20 elementor-arrows-position-outside elementor-pagination-position-outside elementor-widget elementor-widget-image-carousel\" data-id=\"da5ef20\" data-element_type=\"widget\" data-settings=\"{&quot;navigation&quot;:&quot;both&quot;,&quot;autoplay&quot;:&quot;yes&quot;,&quot;pause_on_hover&quot;:&quot;yes&quot;,&quot;pause_on_interaction&quot;:&quot;yes&quot;,&quot;autoplay_speed&quot;:5000,&quot;infinite&quot;:&quot;yes&quot;,&quot;speed&quot;:500,&quot;image_spacing_custom&quot;:{&quot;unit&quot;:&quot;px&quot;,&quot;size&quot;:20,&quot;sizes&quot;:[]},&quot;image_spacing_custom_tablet&quot;:{&quot;unit&quot;:&quot;px&quot;,&quot;size&quot;:&quot;&quot;,&quot;sizes&quot;:[]},&quot;image_spacing_custom_mobile&quot;:{&quot;unit&quot;:&quot;px&quot;,&quot;size&quot;:&quot;&quot;,&quot;sizes&quot;:[]}}\" data-widget_type=\"image-carousel.default\">\n\t\t\t\t<div class=\"elementor-widget-container\">\n\t\t\t\t\t\t\t<div class=\"elementor-image-carousel-wrapper swiper\" role=\"region\" aria-roledescription=\"carousel\" aria-label=\"Carrusel de im\u00e1genes\" dir=\"ltr\">\n\t\t\t<div class=\"elementor-image-carousel swiper-wrapper\" aria-live=\"off\">\n\t\t\t\t\t\t\t\t<div class=\"swiper-slide\" role=\"group\" aria-roledescription=\"slide\" aria-label=\"1 of 5\"><figure class=\"swiper-slide-inner\"><img decoding=\"async\" class=\"swiper-slide-image\" src=\"https:\/\/aguadasmagica.com\/wp-content\/uploads\/2023\/12\/Diseno-sin-titulo-2023-12-21T083944.101.jpg\" alt=\"Dise\u00f1o sin t\u00edtulo - 2023-12-21T083944.101\" \/><\/figure><\/div><div class=\"swiper-slide\" role=\"group\" aria-roledescription=\"slide\" aria-label=\"2 of 5\"><figure class=\"swiper-slide-inner\"><img decoding=\"async\" class=\"swiper-slide-image\" src=\"https:\/\/aguadasmagica.com\/wp-content\/uploads\/2024\/01\/Diseno-sin-titulo-2024-01-09T092005.223.jpg\" alt=\"Dise\u00f1o sin t\u00edtulo - 2024-01-09T092005.223\" \/><\/figure><\/div><div class=\"swiper-slide\" role=\"group\" aria-roledescription=\"slide\" aria-label=\"3 of 5\"><figure class=\"swiper-slide-inner\"><img decoding=\"async\" class=\"swiper-slide-image\" src=\"https:\/\/aguadasmagica.com\/wp-content\/uploads\/2024\/01\/Diseno-sin-titulo-2024-01-09T092142.239.jpg\" alt=\"Dise\u00f1o sin t\u00edtulo - 2024-01-09T092142.239\" \/><\/figure><\/div><div class=\"swiper-slide\" role=\"group\" aria-roledescription=\"slide\" aria-label=\"4 of 5\"><figure class=\"swiper-slide-inner\"><img decoding=\"async\" class=\"swiper-slide-image\" src=\"https:\/\/aguadasmagica.com\/wp-content\/uploads\/2024\/01\/Diseno-sin-titulo-2024-01-09T092333.361.jpg\" alt=\"Dise\u00f1o sin t\u00edtulo - 2024-01-09T092333.361\" \/><\/figure><\/div><div class=\"swiper-slide\" role=\"group\" aria-roledescription=\"slide\" aria-label=\"5 of 5\"><figure class=\"swiper-slide-inner\"><img decoding=\"async\" class=\"swiper-slide-image\" src=\"https:\/\/aguadasmagica.com\/wp-content\/uploads\/2024\/01\/Diseno-sin-titulo-2024-01-09T094133.984.jpg\" alt=\"Dise\u00f1o sin t\u00edtulo - 2024-01-09T094133.984\" \/><\/figure><\/div>\t\t\t<\/div>\n\t\t\t\t\t\t\t\t\t\t\t\t<div class=\"elementor-swiper-button elementor-swiper-button-prev\" role=\"button\" tabindex=\"0\">\n\t\t\t\t\t\t<svg aria-hidden=\"true\" class=\"e-font-icon-svg e-eicon-chevron-left\" viewBox=\"0 0 1000 1000\" xmlns=\"http:\/\/www.w3.org\/2000\/svg\"><path d=\"M646 125C629 125 613 133 604 142L308 442C296 454 292 471 292 487 292 504 296 521 308 533L604 854C617 867 629 875 646 875 663 875 679 871 692 858 704 846 713 829 713 812 713 796 708 779 692 767L438 487 692 225C700 217 708 204 708 187 708 171 704 154 692 142 675 129 663 125 646 125Z\"><\/path><\/svg>\t\t\t\t\t<\/div>\n\t\t\t\t\t<div class=\"elementor-swiper-button elementor-swiper-button-next\" role=\"button\" tabindex=\"0\">\n\t\t\t\t\t\t<svg aria-hidden=\"true\" class=\"e-font-icon-svg e-eicon-chevron-right\" viewBox=\"0 0 1000 1000\" xmlns=\"http:\/\/www.w3.org\/2000\/svg\"><path d=\"M696 533C708 521 713 504 713 487 713 471 708 454 696 446L400 146C388 133 375 125 354 125 338 125 325 129 313 142 300 154 292 171 292 187 292 204 296 221 308 233L563 492 304 771C292 783 288 800 288 817 288 833 296 850 308 863 321 871 338 875 354 875 371 875 388 867 400 854L696 533Z\"><\/path><\/svg>\t\t\t\t\t<\/div>\n\t\t\t\t\n\t\t\t\t\t\t\t\t\t<div class=\"swiper-pagination\"><\/div>\n\t\t\t\t\t\t\t\t\t<\/div>\n\t\t\t\t\t\t<\/div>\n\t\t\t\t<\/div>\n\t\t\t\t\t<\/div>\n\t\t\t\t<\/div>\n\t\t<div class=\"elementor-element elementor-element-44c6db7 e-flex e-con-boxed e-con e-parent\" data-id=\"44c6db7\" data-element_type=\"container\">\n\t\t\t\t\t<div class=\"e-con-inner\">\n\t\t<div class=\"elementor-element elementor-element-2cd7b09 e-flex e-con-boxed e-con e-child\" data-id=\"2cd7b09\" data-element_type=\"container\">\n\t\t\t\t\t<div class=\"e-con-inner\">\n\t\t\t\t<div class=\"elementor-element elementor-element-dab3776 elementor-widget elementor-widget-text-editor\" data-id=\"dab3776\" data-element_type=\"widget\" data-widget_type=\"text-editor.default\">\n\t\t\t\t<div class=\"elementor-widget-container\">\n\t\t\t\t\t\t\t\t\t<div class=\"flex-1 overflow-hidden\"><div class=\"react-scroll-to-bottom--css-tycjc-79elbk h-full\"><div class=\"react-scroll-to-bottom--css-tycjc-1n7m0yu\"><div class=\"flex flex-col pb-9 text-sm\"><div class=\"w-full text-token-text-primary\" data-testid=\"conversation-turn-3\"><div class=\"px-4 py-2 justify-center text-base md:gap-6 m-auto\"><div class=\"flex flex-1 text-base mx-auto gap-3 md:px-5 lg:px-1 xl:px-5 md:max-w-3xl lg:max-w-[40rem] xl:max-w-[48rem] group final-completion\"><div class=\"relative flex w-full flex-col lg:w-[calc(100%-115px)] agent-turn\"><div class=\"flex-col gap-1 md:gap-3\"><div class=\"flex flex-grow flex-col max-w-full\"><div class=\"min-h-[20px] text-message flex flex-col items-start gap-3 whitespace-pre-wrap break-words [.text-message+&amp;]:mt-5 overflow-x-auto\" data-message-author-role=\"assistant\" data-message-id=\"46b93f69-8cf7-4002-a316-49c50e3dccc8\"><div class=\"markdown prose w-full break-words dark:prose-invert light\"><p>En cada esquina de Aguadas, descubrir\u00e1s la fusi\u00f3n perfecta entre el pasado y el presente, donde el patrimonio se entrelaza armoniosamente con la autenticidad de sus personas. Acomp\u00e1\u00f1anos en un viaje visual y narrativo que destaca los secretos mejor guardados de este rinc\u00f3n especial de Caldas, donde sus calles y casas cuentan historias \u00fanicas.<\/p><p>\u00a0<\/p><p>Desde el Parque Principal hasta los rincones menos explorados, te invitamos a sumergirte en la esencia de Aguadas y a vivir la experiencia de conocer una zona urbana que resplandece con su propia identidad. Prep\u00e1rate para descubrir el coraz\u00f3n de este municipio, donde cada paso te acerca a una conexi\u00f3n m\u00e1s profunda con esta joya colombiana. \u00a1Acomp\u00e1\u00f1anos en este emocionante viaje por los recorridos urbanos de Aguadas.<\/p><\/div><\/div><\/div><\/div><\/div><\/div><\/div><\/div><\/div><\/div><\/div><\/div>\t\t\t\t\t\t\t\t<\/div>\n\t\t\t\t<\/div>\n\t\t\t\t\t<\/div>\n\t\t\t\t<\/div>\n\t\t\t\t\t<\/div>\n\t\t\t\t<\/div>\n\t\t<div class=\"elementor-element elementor-element-e2b3ce2 e-grid e-con-boxed e-con e-parent\" data-id=\"e2b3ce2\" data-element_type=\"container\">\n\t\t\t\t\t<div class=\"e-con-inner\">\n\t\t\t\t<div class=\"elementor-element elementor-element-b244bb6 elementor-widget elementor-widget-image\" data-id=\"b244bb6\" data-element_type=\"widget\" data-widget_type=\"image.default\">\n\t\t\t\t<div class=\"elementor-widget-container\">\n\t\t\t\t\t\t\t\t\t\t\t\t<figure class=\"wp-caption\">\n\t\t\t\t\t\t\t\t\t\t\t<a href=\"https:\/\/aguadasmagica.com\/index.php\/centro-historico\/\">\n\t\t\t\t\t\t\t<img fetchpriority=\"high\" decoding=\"async\" width=\"1024\" height=\"813\" src=\"https:\/\/aguadasmagica.com\/wp-content\/uploads\/2024\/01\/Diseno-sin-titulo-2024-01-09T092333.361-1024x813.jpg\" class=\"attachment-large size-large wp-image-2235\" alt=\"\" srcset=\"https:\/\/aguadasmagica.com\/wp-content\/uploads\/2024\/01\/Diseno-sin-titulo-2024-01-09T092333.361-1024x813.jpg 1024w, https:\/\/aguadasmagica.com\/wp-content\/uploads\/2024\/01\/Diseno-sin-titulo-2024-01-09T092333.361-300x238.jpg 300w, https:\/\/aguadasmagica.com\/wp-content\/uploads\/2024\/01\/Diseno-sin-titulo-2024-01-09T092333.361-768x610.jpg 768w, https:\/\/aguadasmagica.com\/wp-content\/uploads\/2024\/01\/Diseno-sin-titulo-2024-01-09T092333.361.jpg 1131w\" sizes=\"(max-width: 1024px) 100vw, 1024px\" \/>\t\t\t\t\t\t\t\t<\/a>\n\t\t\t\t\t\t\t\t\t\t\t<figcaption class=\"widget-image-caption wp-caption-text\">Centro Hist\u00f3rico <\/figcaption>\n\t\t\t\t\t\t\t\t\t\t<\/figure>\n\t\t\t\t\t\t\t\t\t<\/div>\n\t\t\t\t<\/div>\n\t\t\t\t<div class=\"elementor-element elementor-element-46399d7 elementor-widget elementor-widget-image\" data-id=\"46399d7\" data-element_type=\"widget\" data-widget_type=\"image.default\">\n\t\t\t\t<div class=\"elementor-widget-container\">\n\t\t\t\t\t\t\t\t\t\t\t\t<figure class=\"wp-caption\">\n\t\t\t\t\t\t\t\t\t\t\t<a href=\"https:\/\/aguadasmagica.com\/index.php\/city-tour\/\">\n\t\t\t\t\t\t\t<img decoding=\"async\" width=\"1024\" height=\"811\" src=\"https:\/\/aguadasmagica.com\/wp-content\/uploads\/2023\/12\/Diseno-sin-titulo-2023-12-21T083157.746-1024x811.jpg\" class=\"attachment-large size-large wp-image-2069\" alt=\"\" srcset=\"https:\/\/aguadasmagica.com\/wp-content\/uploads\/2023\/12\/Diseno-sin-titulo-2023-12-21T083157.746-1024x811.jpg 1024w, https:\/\/aguadasmagica.com\/wp-content\/uploads\/2023\/12\/Diseno-sin-titulo-2023-12-21T083157.746-300x238.jpg 300w, https:\/\/aguadasmagica.com\/wp-content\/uploads\/2023\/12\/Diseno-sin-titulo-2023-12-21T083157.746-768x608.jpg 768w, https:\/\/aguadasmagica.com\/wp-content\/uploads\/2023\/12\/Diseno-sin-titulo-2023-12-21T083157.746.jpg 1134w\" sizes=\"(max-width: 1024px) 100vw, 1024px\" \/>\t\t\t\t\t\t\t\t<\/a>\n\t\t\t\t\t\t\t\t\t\t\t<figcaption class=\"widget-image-caption wp-caption-text\">City Tour<\/figcaption>\n\t\t\t\t\t\t\t\t\t\t<\/figure>\n\t\t\t\t\t\t\t\t\t<\/div>\n\t\t\t\t<\/div>\n\t\t\t\t<div class=\"elementor-element elementor-element-bbbb098 elementor-widget elementor-widget-image\" data-id=\"bbbb098\" data-element_type=\"widget\" data-widget_type=\"image.default\">\n\t\t\t\t<div class=\"elementor-widget-container\">\n\t\t\t\t\t\t\t\t\t\t\t\t<figure class=\"wp-caption\">\n\t\t\t\t\t\t\t\t\t\t\t<a href=\"https:\/\/aguadasmagica.com\/index.php\/tour-en-pacora\/\">\n\t\t\t\t\t\t\t<img decoding=\"async\" width=\"1024\" height=\"813\" src=\"https:\/\/aguadasmagica.com\/wp-content\/uploads\/2024\/01\/Diseno-sin-titulo-2024-01-09T094133.984-1024x813.jpg\" class=\"attachment-large size-large wp-image-2236\" alt=\"\" srcset=\"https:\/\/aguadasmagica.com\/wp-content\/uploads\/2024\/01\/Diseno-sin-titulo-2024-01-09T094133.984-1024x813.jpg 1024w, https:\/\/aguadasmagica.com\/wp-content\/uploads\/2024\/01\/Diseno-sin-titulo-2024-01-09T094133.984-300x238.jpg 300w, https:\/\/aguadasmagica.com\/wp-content\/uploads\/2024\/01\/Diseno-sin-titulo-2024-01-09T094133.984-768x610.jpg 768w, https:\/\/aguadasmagica.com\/wp-content\/uploads\/2024\/01\/Diseno-sin-titulo-2024-01-09T094133.984.jpg 1131w\" sizes=\"(max-width: 1024px) 100vw, 1024px\" \/>\t\t\t\t\t\t\t\t<\/a>\n\t\t\t\t\t\t\t\t\t\t\t<figcaption class=\"widget-image-caption wp-caption-text\">Tour en P\u00e1cora<\/figcaption>\n\t\t\t\t\t\t\t\t\t\t<\/figure>\n\t\t\t\t\t\t\t\t\t<\/div>\n\t\t\t\t<\/div>\n\t\t\t\t<div class=\"elementor-element elementor-element-930fd07 elementor-widget elementor-widget-image\" data-id=\"930fd07\" data-element_type=\"widget\" data-widget_type=\"image.default\">\n\t\t\t\t<div class=\"elementor-widget-container\">\n\t\t\t\t\t\t\t\t\t\t\t\t<figure class=\"wp-caption\">\n\t\t\t\t\t\t\t\t\t\t\t<a href=\"https:\/\/aguadasmagica.com\/index.php\/tour-religioso\/\">\n\t\t\t\t\t\t\t<img loading=\"lazy\" decoding=\"async\" width=\"1024\" height=\"811\" src=\"https:\/\/aguadasmagica.com\/wp-content\/uploads\/2023\/12\/Diseno-sin-titulo-2023-12-21T083944.101-1024x811.jpg\" class=\"attachment-large size-large wp-image-2085\" alt=\"\" srcset=\"https:\/\/aguadasmagica.com\/wp-content\/uploads\/2023\/12\/Diseno-sin-titulo-2023-12-21T083944.101-1024x811.jpg 1024w, https:\/\/aguadasmagica.com\/wp-content\/uploads\/2023\/12\/Diseno-sin-titulo-2023-12-21T083944.101-300x238.jpg 300w, https:\/\/aguadasmagica.com\/wp-content\/uploads\/2023\/12\/Diseno-sin-titulo-2023-12-21T083944.101-768x608.jpg 768w, https:\/\/aguadasmagica.com\/wp-content\/uploads\/2023\/12\/Diseno-sin-titulo-2023-12-21T083944.101.jpg 1134w\" sizes=\"(max-width: 1024px) 100vw, 1024px\" \/>\t\t\t\t\t\t\t\t<\/a>\n\t\t\t\t\t\t\t\t\t\t\t<figcaption class=\"widget-image-caption wp-caption-text\">Tour Religioso<\/figcaption>\n\t\t\t\t\t\t\t\t\t\t<\/figure>\n\t\t\t\t\t\t\t\t\t<\/div>\n\t\t\t\t<\/div>\n\t\t\t\t<div class=\"elementor-element elementor-element-ad90520 elementor-widget elementor-widget-image\" data-id=\"ad90520\" data-element_type=\"widget\" data-widget_type=\"image.default\">\n\t\t\t\t<div class=\"elementor-widget-container\">\n\t\t\t\t\t\t\t\t\t\t\t\t\t\t\t<img loading=\"lazy\" decoding=\"async\" width=\"1000\" height=\"700\" src=\"https:\/\/aguadasmagica.com\/wp-content\/uploads\/2024\/01\/Diseno-sin-titulo-2024-01-14T170430.475.jpg\" class=\"attachment-large size-large wp-image-2274\" alt=\"\" srcset=\"https:\/\/aguadasmagica.com\/wp-content\/uploads\/2024\/01\/Diseno-sin-titulo-2024-01-14T170430.475.jpg 1000w, https:\/\/aguadasmagica.com\/wp-content\/uploads\/2024\/01\/Diseno-sin-titulo-2024-01-14T170430.475-300x210.jpg 300w, https:\/\/aguadasmagica.com\/wp-content\/uploads\/2024\/01\/Diseno-sin-titulo-2024-01-14T170430.475-768x538.jpg 768w\" sizes=\"(max-width: 1000px) 100vw, 1000px\" \/>\t\t\t\t\t\t\t\t\t\t\t\t\t\t\t<\/div>\n\t\t\t\t<\/div>\n\t\t\t\t<div class=\"elementor-element elementor-element-37bf405 elementor-widget elementor-widget-image\" data-id=\"37bf405\" data-element_type=\"widget\" data-widget_type=\"image.default\">\n\t\t\t\t<div class=\"elementor-widget-container\">\n\t\t\t\t\t\t\t\t\t\t\t\t<figure class=\"wp-caption\">\n\t\t\t\t\t\t\t\t\t\t\t<a href=\"https:\/\/aguadasmagica.com\/index.php\/tour-casa-jaramillo-estrada\/\">\n\t\t\t\t\t\t\t<img loading=\"lazy\" decoding=\"async\" width=\"1024\" height=\"813\" src=\"https:\/\/aguadasmagica.com\/wp-content\/uploads\/2024\/01\/Diseno-sin-titulo-2024-01-09T092142.239-1024x813.jpg\" class=\"attachment-large size-large wp-image-2234\" alt=\"\" srcset=\"https:\/\/aguadasmagica.com\/wp-content\/uploads\/2024\/01\/Diseno-sin-titulo-2024-01-09T092142.239-1024x813.jpg 1024w, https:\/\/aguadasmagica.com\/wp-content\/uploads\/2024\/01\/Diseno-sin-titulo-2024-01-09T092142.239-300x238.jpg 300w, https:\/\/aguadasmagica.com\/wp-content\/uploads\/2024\/01\/Diseno-sin-titulo-2024-01-09T092142.239-768x610.jpg 768w, https:\/\/aguadasmagica.com\/wp-content\/uploads\/2024\/01\/Diseno-sin-titulo-2024-01-09T092142.239.jpg 1131w\" sizes=\"(max-width: 1024px) 100vw, 1024px\" \/>\t\t\t\t\t\t\t\t<\/a>\n\t\t\t\t\t\t\t\t\t\t\t<figcaption class=\"widget-image-caption wp-caption-text\">Casa Jaramillo Estrada<\/figcaption>\n\t\t\t\t\t\t\t\t\t\t<\/figure>\n\t\t\t\t\t\t\t\t\t<\/div>\n\t\t\t\t<\/div>\n\t\t\t\t\t<\/div>\n\t\t\t\t<\/div>\n\t\t\t\t<\/div>\n\t\t","protected":false},"excerpt":{"rendered":"<p>Experiencias Urbanas Sum\u00e9rgete en la riqueza hist\u00f3rica, cultural y arquitect\u00f3nica de este vibrante pueblo mientras exploramos juntos sus calles, parques llenos de vida y monumentos que narran la historia de una comunidad llena de tradiciones y cultura. En cada esquina de Aguadas, descubrir\u00e1s la fusi\u00f3n perfecta entre el pasado y el presente, donde el patrimonio [&hellip;]<\/p>\n","protected":false},"author":1,"featured_media":0,"parent":0,"menu_order":0,"comment_status":"closed","ping_status":"closed","template":"","meta":{"om_disable_all_campaigns":false,"_monsterinsights_skip_tracking":false,"_monsterinsights_sitenote_active":false,"_monsterinsights_sitenote_note":"","_monsterinsights_sitenote_category":0,"site-sidebar-layout":"no-sidebar","site-content-layout":"page-builder","ast-site-content-layout":"full-width-container","site-content-style":"default","site-sidebar-style":"default","ast-global-header-display":"","ast-banner-title-visibility":"","ast-main-header-display":"","ast-hfb-above-header-display":"","ast-hfb-below-header-display":"","ast-hfb-mobile-header-display":"","site-post-title":"disabled","ast-breadcrumbs-content":"","ast-featured-img":"disabled","footer-sml-layout":"","theme-transparent-header-meta":"","adv-header-id-meta":"","stick-header-meta":"","header-above-stick-meta":"","header-main-stick-meta":"","header-below-stick-meta":"","astra-migrate-meta-layouts":"default","ast-page-background-enabled":"default","ast-page-background-meta":{"desktop":{"background-color":"var(--ast-global-color-4)","background-image":"","background-repeat":"repeat","background-position":"center center","background-size":"auto","background-attachment":"scroll","background-type":"","background-media":"","overlay-type":"","overlay-color":"","overlay-opacity":"","overlay-gradient":""},"tablet":{"background-color":"","background-image":"","background-repeat":"repeat","background-position":"center center","background-size":"auto","background-attachment":"scroll","background-type":"","background-media":"","overlay-type":"","overlay-color":"","overlay-opacity":"","overlay-gradient":""},"mobile":{"background-color":"","background-image":"","background-repeat":"repeat","background-position":"center center","background-size":"auto","background-attachment":"scroll","background-type":"","background-media":"","overlay-type":"","overlay-color":"","overlay-opacity":"","overlay-gradient":""}},"ast-content-background-meta":{"desktop":{"background-color":"var(--ast-global-color-5)","background-image":"","background-repeat":"repeat","background-position":"center center","background-size":"auto","background-attachment":"scroll","background-type":"","background-media":"","overlay-type":"","overlay-color":"","overlay-opacity":"","overlay-gradient":""},"tablet":{"background-color":"var(--ast-global-color-5)","background-image":"","background-repeat":"repeat","background-position":"center center","background-size":"auto","background-attachment":"scroll","background-type":"","background-media":"","overlay-type":"","overlay-color":"","overlay-opacity":"","overlay-gradient":""},"mobile":{"background-color":"var(--ast-global-color-5)","background-image":"","background-repeat":"repeat","background-position":"center center","background-size":"auto","background-attachment":"scroll","background-type":"","background-media":"","overlay-type":"","overlay-color":"","overlay-opacity":"","overlay-gradient":""}},"_joinchat":[],"footnotes":""},"_links":{"self":[{"href":"https:\/\/aguadasmagica.com\/index.php\/wp-json\/wp\/v2\/pages\/1835"}],"collection":[{"href":"https:\/\/aguadasmagica.com\/index.php\/wp-json\/wp\/v2\/pages"}],"about":[{"href":"https:\/\/aguadasmagica.com\/index.php\/wp-json\/wp\/v2\/types\/page"}],"author":[{"embeddable":true,"href":"https:\/\/aguadasmagica.com\/index.php\/wp-json\/wp\/v2\/users\/1"}],"replies":[{"embeddable":true,"href":"https:\/\/aguadasmagica.com\/index.php\/wp-json\/wp\/v2\/comments?post=1835"}],"version-history":[{"count":35,"href":"https:\/\/aguadasmagica.com\/index.php\/wp-json\/wp\/v2\/pages\/1835\/revisions"}],"predecessor-version":[{"id":2360,"href":"https:\/\/aguadasmagica.com\/index.php\/wp-json\/wp\/v2\/pages\/1835\/revisions\/2360"}],"wp:attachment":[{"href":"https:\/\/aguadasmagica.com\/index.php\/wp-json\/wp\/v2\/media?parent=1835"}],"curies":[{"name":"wp","href":"https:\/\/api.w.org\/{rel}","templated":true}]}}