{"id":1834,"date":"2023-12-12T15:14:33","date_gmt":"2023-12-12T20:14:33","guid":{"rendered":"https:\/\/aguadasmagica.com\/?page_id=1834"},"modified":"2024-02-13T08:25:38","modified_gmt":"2024-02-13T13:25:38","slug":"rurales","status":"publish","type":"page","link":"https:\/\/aguadasmagica.com\/index.php\/rurales\/","title":{"rendered":"Rurales"},"content":{"rendered":"\t\t<div data-elementor-type=\"wp-page\" data-elementor-id=\"1834\" class=\"elementor elementor-1834\">\n\t\t\t\t<div class=\"elementor-element elementor-element-7bf3ce6 e-flex e-con-boxed e-con e-parent\" data-id=\"7bf3ce6\" data-element_type=\"container\" data-settings=\"{&quot;background_background&quot;:&quot;classic&quot;}\">\n\t\t\t\t\t<div class=\"e-con-inner\">\n\t\t\t\t<div class=\"elementor-element elementor-element-8a51bc6 elementor-widget elementor-widget-heading\" data-id=\"8a51bc6\" data-element_type=\"widget\" data-widget_type=\"heading.default\">\n\t\t\t\t<div class=\"elementor-widget-container\">\n\t\t\t\t\t<h2 class=\"elementor-heading-title elementor-size-default\">Experiencias Rurales<\/h2>\t\t\t\t<\/div>\n\t\t\t\t<\/div>\n\t\t\t\t\t<\/div>\n\t\t\t\t<\/div>\n\t\t<div class=\"elementor-element elementor-element-2c99cd2 e-flex e-con-boxed e-con e-parent\" data-id=\"2c99cd2\" data-element_type=\"container\">\n\t\t\t\t\t<div class=\"e-con-inner\">\n\t\t<div class=\"elementor-element elementor-element-4412cfd e-flex e-con-boxed e-con e-child\" data-id=\"4412cfd\" data-element_type=\"container\">\n\t\t\t\t\t<div class=\"e-con-inner\">\n\t\t\t\t<div class=\"elementor-element elementor-element-7229143 elementor-widget elementor-widget-text-editor\" data-id=\"7229143\" data-element_type=\"widget\" data-widget_type=\"text-editor.default\">\n\t\t\t\t<div class=\"elementor-widget-container\">\n\t\t\t\t\t\t\t\t\t<div class=\"flex-1 overflow-hidden\"><div class=\"react-scroll-to-bottom--css-tycjc-79elbk h-full\"><div class=\"react-scroll-to-bottom--css-tycjc-1n7m0yu\"><div class=\"flex flex-col pb-9 text-sm\"><div class=\"w-full text-token-text-primary\" data-testid=\"conversation-turn-3\"><div class=\"px-4 py-2 justify-center text-base md:gap-6 m-auto\"><div class=\"flex flex-1 text-base mx-auto gap-3 md:px-5 lg:px-1 xl:px-5 md:max-w-3xl lg:max-w-[40rem] xl:max-w-[48rem] group final-completion\"><div class=\"relative flex w-full flex-col lg:w-[calc(100%-115px)] agent-turn\"><div class=\"flex-col gap-1 md:gap-3\"><div class=\"flex flex-grow flex-col max-w-full\"><div class=\"min-h-[20px] text-message flex flex-col items-start gap-3 whitespace-pre-wrap break-words [.text-message+&amp;]:mt-5 overflow-x-auto\" data-message-author-role=\"assistant\" data-message-id=\"46b93f69-8cf7-4002-a316-49c50e3dccc8\"><div class=\"markdown prose w-full break-words dark:prose-invert light\"><p>Bienvenido a nuestras Aventuras Rurales, donde cada experiencia es una puerta a la riqueza de la vida en la zona rural. Desde recorridos fascinantes por fincas cafeteras hasta la dulce melod\u00eda de nuestros tours de apicultura, y desde el susurro m\u00e1gico de cascadas escondidas hasta la exploraci\u00f3n de la m\u00edstica ruta de los pajeros, cada actividad te sumerge en la autenticidad de nuestro entorno.<\/p><\/div><\/div><\/div><\/div><\/div><\/div><\/div><\/div><\/div><\/div><\/div><\/div>\t\t\t\t\t\t\t\t<\/div>\n\t\t\t\t<\/div>\n\t\t\t\t\t<\/div>\n\t\t\t\t<\/div>\n\t\t\t\t\t<\/div>\n\t\t\t\t<\/div>\n\t\t<div class=\"elementor-element elementor-element-b742dca e-flex e-con-boxed e-con e-parent\" data-id=\"b742dca\" data-element_type=\"container\">\n\t\t\t\t\t<div class=\"e-con-inner\">\n\t\t\t\t<div class=\"elementor-element elementor-element-055c07f elementor-arrows-position-outside elementor-pagination-position-outside elementor-widget elementor-widget-image-carousel\" data-id=\"055c07f\" data-element_type=\"widget\" data-settings=\"{&quot;navigation&quot;:&quot;both&quot;,&quot;autoplay&quot;:&quot;yes&quot;,&quot;pause_on_hover&quot;:&quot;yes&quot;,&quot;pause_on_interaction&quot;:&quot;yes&quot;,&quot;autoplay_speed&quot;:5000,&quot;infinite&quot;:&quot;yes&quot;,&quot;speed&quot;:500,&quot;image_spacing_custom&quot;:{&quot;unit&quot;:&quot;px&quot;,&quot;size&quot;:20,&quot;sizes&quot;:[]},&quot;image_spacing_custom_tablet&quot;:{&quot;unit&quot;:&quot;px&quot;,&quot;size&quot;:&quot;&quot;,&quot;sizes&quot;:[]},&quot;image_spacing_custom_mobile&quot;:{&quot;unit&quot;:&quot;px&quot;,&quot;size&quot;:&quot;&quot;,&quot;sizes&quot;:[]}}\" data-widget_type=\"image-carousel.default\">\n\t\t\t\t<div class=\"elementor-widget-container\">\n\t\t\t\t\t\t\t<div class=\"elementor-image-carousel-wrapper swiper\" role=\"region\" aria-roledescription=\"carousel\" aria-label=\"Carrusel de im\u00e1genes\" dir=\"ltr\">\n\t\t\t<div class=\"elementor-image-carousel swiper-wrapper\" aria-live=\"off\">\n\t\t\t\t\t\t\t\t<div class=\"swiper-slide\" role=\"group\" aria-roledescription=\"slide\" aria-label=\"1 of 8\"><figure class=\"swiper-slide-inner\"><img decoding=\"async\" class=\"swiper-slide-image\" src=\"https:\/\/aguadasmagica.com\/wp-content\/uploads\/2024\/02\/Diseno-sin-titulo-2024-02-13T081113.988.jpg\" alt=\"Dise\u00f1o sin t\u00edtulo - 2024-02-13T081113.988\" \/><\/figure><\/div><div class=\"swiper-slide\" role=\"group\" aria-roledescription=\"slide\" aria-label=\"2 of 8\"><figure class=\"swiper-slide-inner\"><img decoding=\"async\" class=\"swiper-slide-image\" src=\"https:\/\/aguadasmagica.com\/wp-content\/uploads\/2024\/02\/Diseno-sin-titulo-2024-02-13T081827.430.jpg\" alt=\"Dise\u00f1o sin t\u00edtulo - 2024-02-13T081827.430\" \/><\/figure><\/div><div class=\"swiper-slide\" role=\"group\" aria-roledescription=\"slide\" aria-label=\"3 of 8\"><figure class=\"swiper-slide-inner\"><img decoding=\"async\" class=\"swiper-slide-image\" src=\"https:\/\/aguadasmagica.com\/wp-content\/uploads\/2024\/02\/Diseno-sin-titulo-2024-02-13T081547.335.jpg\" alt=\"Dise\u00f1o sin t\u00edtulo - 2024-02-13T081547.335\" \/><\/figure><\/div><div class=\"swiper-slide\" role=\"group\" aria-roledescription=\"slide\" aria-label=\"4 of 8\"><figure class=\"swiper-slide-inner\"><img decoding=\"async\" class=\"swiper-slide-image\" src=\"https:\/\/aguadasmagica.com\/wp-content\/uploads\/2024\/02\/Diseno-sin-titulo-2024-02-13T081344.477.jpg\" alt=\"Dise\u00f1o sin t\u00edtulo - 2024-02-13T081344.477\" \/><\/figure><\/div><div class=\"swiper-slide\" role=\"group\" aria-roledescription=\"slide\" aria-label=\"5 of 8\"><figure class=\"swiper-slide-inner\"><img decoding=\"async\" class=\"swiper-slide-image\" src=\"https:\/\/aguadasmagica.com\/wp-content\/uploads\/2024\/02\/Diseno-sin-titulo-2024-02-13T081401.717.jpg\" alt=\"Dise\u00f1o sin t\u00edtulo - 2024-02-13T081401.717\" \/><\/figure><\/div><div class=\"swiper-slide\" role=\"group\" aria-roledescription=\"slide\" aria-label=\"6 of 8\"><figure class=\"swiper-slide-inner\"><img decoding=\"async\" class=\"swiper-slide-image\" src=\"https:\/\/aguadasmagica.com\/wp-content\/uploads\/2024\/02\/Diseno-sin-titulo-2024-02-13T081216.829.jpg\" alt=\"Dise\u00f1o sin t\u00edtulo - 2024-02-13T081216.829\" \/><\/figure><\/div><div class=\"swiper-slide\" role=\"group\" aria-roledescription=\"slide\" aria-label=\"7 of 8\"><figure class=\"swiper-slide-inner\"><img decoding=\"async\" class=\"swiper-slide-image\" src=\"https:\/\/aguadasmagica.com\/wp-content\/uploads\/2024\/02\/Diseno-sin-titulo-2024-02-13T081427.568.jpg\" alt=\"Dise\u00f1o sin t\u00edtulo - 2024-02-13T081427.568\" \/><\/figure><\/div><div class=\"swiper-slide\" role=\"group\" aria-roledescription=\"slide\" aria-label=\"8 of 8\"><figure class=\"swiper-slide-inner\"><img decoding=\"async\" class=\"swiper-slide-image\" src=\"https:\/\/aguadasmagica.com\/wp-content\/uploads\/2024\/02\/Diseno-sin-titulo-2024-02-13T081049.141.png\" alt=\"Dise\u00f1o sin t\u00edtulo - 2024-02-13T081049.141\" \/><\/figure><\/div>\t\t\t<\/div>\n\t\t\t\t\t\t\t\t\t\t\t\t<div class=\"elementor-swiper-button elementor-swiper-button-prev\" role=\"button\" tabindex=\"0\">\n\t\t\t\t\t\t<svg aria-hidden=\"true\" class=\"e-font-icon-svg e-eicon-chevron-left\" viewBox=\"0 0 1000 1000\" xmlns=\"http:\/\/www.w3.org\/2000\/svg\"><path d=\"M646 125C629 125 613 133 604 142L308 442C296 454 292 471 292 487 292 504 296 521 308 533L604 854C617 867 629 875 646 875 663 875 679 871 692 858 704 846 713 829 713 812 713 796 708 779 692 767L438 487 692 225C700 217 708 204 708 187 708 171 704 154 692 142 675 129 663 125 646 125Z\"><\/path><\/svg>\t\t\t\t\t<\/div>\n\t\t\t\t\t<div class=\"elementor-swiper-button elementor-swiper-button-next\" role=\"button\" tabindex=\"0\">\n\t\t\t\t\t\t<svg aria-hidden=\"true\" class=\"e-font-icon-svg e-eicon-chevron-right\" viewBox=\"0 0 1000 1000\" xmlns=\"http:\/\/www.w3.org\/2000\/svg\"><path d=\"M696 533C708 521 713 504 713 487 713 471 708 454 696 446L400 146C388 133 375 125 354 125 338 125 325 129 313 142 300 154 292 171 292 187 292 204 296 221 308 233L563 492 304 771C292 783 288 800 288 817 288 833 296 850 308 863 321 871 338 875 354 875 371 875 388 867 400 854L696 533Z\"><\/path><\/svg>\t\t\t\t\t<\/div>\n\t\t\t\t\n\t\t\t\t\t\t\t\t\t<div class=\"swiper-pagination\"><\/div>\n\t\t\t\t\t\t\t\t\t<\/div>\n\t\t\t\t\t\t<\/div>\n\t\t\t\t<\/div>\n\t\t\t\t\t<\/div>\n\t\t\t\t<\/div>\n\t\t<div class=\"elementor-element elementor-element-f65c280 e-flex e-con-boxed e-con e-parent\" data-id=\"f65c280\" data-element_type=\"container\">\n\t\t\t\t\t<div class=\"e-con-inner\">\n\t\t<div class=\"elementor-element elementor-element-718c3c0 e-flex e-con-boxed e-con e-child\" data-id=\"718c3c0\" data-element_type=\"container\">\n\t\t\t\t\t<div class=\"e-con-inner\">\n\t\t\t\t<div class=\"elementor-element elementor-element-cba6189 elementor-widget elementor-widget-text-editor\" data-id=\"cba6189\" data-element_type=\"widget\" data-widget_type=\"text-editor.default\">\n\t\t\t\t<div class=\"elementor-widget-container\">\n\t\t\t\t\t\t\t\t\t<div class=\"flex-1 overflow-hidden\">\n<div class=\"react-scroll-to-bottom--css-tycjc-79elbk h-full\">\n<div class=\"react-scroll-to-bottom--css-tycjc-1n7m0yu\">\n<div class=\"flex flex-col pb-9 text-sm\">\n<div class=\"w-full text-token-text-primary\" data-testid=\"conversation-turn-3\">\n<div class=\"px-4 py-2 justify-center text-base md:gap-6 m-auto\">\n<div class=\"flex flex-1 text-base mx-auto gap-3 md:px-5 lg:px-1 xl:px-5 md:max-w-3xl lg:max-w-[40rem] xl:max-w-[48rem] group final-completion\">\n<div class=\"relative flex w-full flex-col lg:w-[calc(100%-115px)] agent-turn\">\n<div class=\"flex-col gap-1 md:gap-3\">\n<div class=\"flex flex-grow flex-col max-w-full\">\n<div class=\"min-h-[20px] text-message flex flex-col items-start gap-3 whitespace-pre-wrap break-words [.text-message+&amp;]:mt-5 overflow-x-auto\" data-message-author-role=\"assistant\" data-message-id=\"46b93f69-8cf7-4002-a316-49c50e3dccc8\">\n<div class=\"markdown prose w-full break-words dark:prose-invert light\">\n<p>Emb\u00e1rcate en el senderismo que conecta con la naturaleza y la cultura de nuestros anfitriones locales. \u00danete a nosotros para descubrir paisajes sorprendentes, tradiciones encantadoras y experiencias que te dejar\u00e1n con recuerdos inolvidables de la vida rural. \u00a1Bienvenido a la aventura!<\/p>\n<\/div>\n<\/div>\n<\/div>\n<\/div>\n<\/div>\n<\/div>\n<\/div>\n<\/div>\n<\/div>\n<\/div>\n<\/div>\n<\/div>\t\t\t\t\t\t\t\t<\/div>\n\t\t\t\t<\/div>\n\t\t\t\t\t<\/div>\n\t\t\t\t<\/div>\n\t\t\t\t\t<\/div>\n\t\t\t\t<\/div>\n\t\t<div class=\"elementor-element elementor-element-6af5d8a e-grid e-con-boxed e-con e-parent\" data-id=\"6af5d8a\" data-element_type=\"container\">\n\t\t\t\t\t<div class=\"e-con-inner\">\n\t\t\t\t<div class=\"elementor-element elementor-element-541e0b5 elementor-widget elementor-widget-image\" data-id=\"541e0b5\" data-element_type=\"widget\" data-widget_type=\"image.default\">\n\t\t\t\t<div class=\"elementor-widget-container\">\n\t\t\t\t\t\t\t\t\t\t\t\t<figure class=\"wp-caption\">\n\t\t\t\t\t\t\t\t\t\t\t<a href=\"https:\/\/aguadasmagica.com\/index.php\/experiencia-cafetera\/\">\n\t\t\t\t\t\t\t<img fetchpriority=\"high\" decoding=\"async\" width=\"1024\" height=\"772\" src=\"https:\/\/aguadasmagica.com\/wp-content\/uploads\/2024\/02\/Diseno-sin-titulo-2024-02-13T081049.141-1024x772.png\" class=\"attachment-large size-large wp-image-2363\" alt=\"\" srcset=\"https:\/\/aguadasmagica.com\/wp-content\/uploads\/2024\/02\/Diseno-sin-titulo-2024-02-13T081049.141-1024x772.png 1024w, https:\/\/aguadasmagica.com\/wp-content\/uploads\/2024\/02\/Diseno-sin-titulo-2024-02-13T081049.141-300x226.png 300w, https:\/\/aguadasmagica.com\/wp-content\/uploads\/2024\/02\/Diseno-sin-titulo-2024-02-13T081049.141-768x579.png 768w, https:\/\/aguadasmagica.com\/wp-content\/uploads\/2024\/02\/Diseno-sin-titulo-2024-02-13T081049.141.png 1191w\" sizes=\"(max-width: 1024px) 100vw, 1024px\" \/>\t\t\t\t\t\t\t\t<\/a>\n\t\t\t\t\t\t\t\t\t\t\t<figcaption class=\"widget-image-caption wp-caption-text\">Finca Cafetera<\/figcaption>\n\t\t\t\t\t\t\t\t\t\t<\/figure>\n\t\t\t\t\t\t\t\t\t<\/div>\n\t\t\t\t<\/div>\n\t\t\t\t<div class=\"elementor-element elementor-element-1ec9ba4 elementor-widget elementor-widget-image\" data-id=\"1ec9ba4\" data-element_type=\"widget\" data-widget_type=\"image.default\">\n\t\t\t\t<div class=\"elementor-widget-container\">\n\t\t\t\t\t\t\t\t\t\t\t\t<figure class=\"wp-caption\">\n\t\t\t\t\t\t\t\t\t\t\t<a href=\"https:\/\/aguadasmagica.com\/index.php\/puente-piedra\/\">\n\t\t\t\t\t\t\t<img decoding=\"async\" width=\"1024\" height=\"772\" src=\"https:\/\/aguadasmagica.com\/wp-content\/uploads\/2024\/02\/Diseno-sin-titulo-2024-02-13T081827.430-1024x772.jpg\" class=\"attachment-large size-large wp-image-2369\" alt=\"\" srcset=\"https:\/\/aguadasmagica.com\/wp-content\/uploads\/2024\/02\/Diseno-sin-titulo-2024-02-13T081827.430-1024x772.jpg 1024w, https:\/\/aguadasmagica.com\/wp-content\/uploads\/2024\/02\/Diseno-sin-titulo-2024-02-13T081827.430-300x226.jpg 300w, https:\/\/aguadasmagica.com\/wp-content\/uploads\/2024\/02\/Diseno-sin-titulo-2024-02-13T081827.430-768x579.jpg 768w, https:\/\/aguadasmagica.com\/wp-content\/uploads\/2024\/02\/Diseno-sin-titulo-2024-02-13T081827.430.jpg 1191w\" sizes=\"(max-width: 1024px) 100vw, 1024px\" \/>\t\t\t\t\t\t\t\t<\/a>\n\t\t\t\t\t\t\t\t\t\t\t<figcaption class=\"widget-image-caption wp-caption-text\">Puente Piedra<\/figcaption>\n\t\t\t\t\t\t\t\t\t\t<\/figure>\n\t\t\t\t\t\t\t\t\t<\/div>\n\t\t\t\t<\/div>\n\t\t\t\t<div class=\"elementor-element elementor-element-1915a0a elementor-widget elementor-widget-image\" data-id=\"1915a0a\" data-element_type=\"widget\" data-widget_type=\"image.default\">\n\t\t\t\t<div class=\"elementor-widget-container\">\n\t\t\t\t\t\t\t\t\t\t\t\t<figure class=\"wp-caption\">\n\t\t\t\t\t\t\t\t\t\t\t<a href=\"https:\/\/aguadasmagica.com\/index.php\/petroglifos\/\">\n\t\t\t\t\t\t\t<img decoding=\"async\" width=\"1024\" height=\"772\" src=\"https:\/\/aguadasmagica.com\/wp-content\/uploads\/2024\/02\/Diseno-sin-titulo-2024-02-13T081547.335-1024x772.jpg\" class=\"attachment-large size-large wp-image-2364\" alt=\"\" srcset=\"https:\/\/aguadasmagica.com\/wp-content\/uploads\/2024\/02\/Diseno-sin-titulo-2024-02-13T081547.335-1024x772.jpg 1024w, https:\/\/aguadasmagica.com\/wp-content\/uploads\/2024\/02\/Diseno-sin-titulo-2024-02-13T081547.335-300x226.jpg 300w, https:\/\/aguadasmagica.com\/wp-content\/uploads\/2024\/02\/Diseno-sin-titulo-2024-02-13T081547.335-768x579.jpg 768w, https:\/\/aguadasmagica.com\/wp-content\/uploads\/2024\/02\/Diseno-sin-titulo-2024-02-13T081547.335.jpg 1191w\" sizes=\"(max-width: 1024px) 100vw, 1024px\" \/>\t\t\t\t\t\t\t\t<\/a>\n\t\t\t\t\t\t\t\t\t\t\t<figcaption class=\"widget-image-caption wp-caption-text\">Petroglifos en Arma<\/figcaption>\n\t\t\t\t\t\t\t\t\t\t<\/figure>\n\t\t\t\t\t\t\t\t\t<\/div>\n\t\t\t\t<\/div>\n\t\t\t\t<div class=\"elementor-element elementor-element-7eab2cf elementor-widget elementor-widget-image\" data-id=\"7eab2cf\" data-element_type=\"widget\" data-widget_type=\"image.default\">\n\t\t\t\t<div class=\"elementor-widget-container\">\n\t\t\t\t\t\t\t\t\t\t\t\t<figure class=\"wp-caption\">\n\t\t\t\t\t\t\t\t\t\t<img loading=\"lazy\" decoding=\"async\" width=\"1024\" height=\"772\" src=\"https:\/\/aguadasmagica.com\/wp-content\/uploads\/2024\/02\/Diseno-sin-titulo-2024-02-13T081401.717-1024x772.jpg\" class=\"attachment-large size-large wp-image-2365\" alt=\"\" srcset=\"https:\/\/aguadasmagica.com\/wp-content\/uploads\/2024\/02\/Diseno-sin-titulo-2024-02-13T081401.717-1024x772.jpg 1024w, https:\/\/aguadasmagica.com\/wp-content\/uploads\/2024\/02\/Diseno-sin-titulo-2024-02-13T081401.717-300x226.jpg 300w, https:\/\/aguadasmagica.com\/wp-content\/uploads\/2024\/02\/Diseno-sin-titulo-2024-02-13T081401.717-768x579.jpg 768w, https:\/\/aguadasmagica.com\/wp-content\/uploads\/2024\/02\/Diseno-sin-titulo-2024-02-13T081401.717.jpg 1191w\" sizes=\"(max-width: 1024px) 100vw, 1024px\" \/>\t\t\t\t\t\t\t\t\t\t\t<figcaption class=\"widget-image-caption wp-caption-text\">Senderismo<\/figcaption>\n\t\t\t\t\t\t\t\t\t\t<\/figure>\n\t\t\t\t\t\t\t\t\t<\/div>\n\t\t\t\t<\/div>\n\t\t\t\t<div class=\"elementor-element elementor-element-43e13e4 elementor-widget elementor-widget-image\" data-id=\"43e13e4\" data-element_type=\"widget\" data-widget_type=\"image.default\">\n\t\t\t\t<div class=\"elementor-widget-container\">\n\t\t\t\t\t\t\t\t\t\t\t\t<figure class=\"wp-caption\">\n\t\t\t\t\t\t\t\t\t\t\t<a href=\"https:\/\/aguadasmagica.com\/index.php\/cabalgata\/\">\n\t\t\t\t\t\t\t<img loading=\"lazy\" decoding=\"async\" width=\"1024\" height=\"772\" src=\"https:\/\/aguadasmagica.com\/wp-content\/uploads\/2024\/02\/Diseno-sin-titulo-2024-02-13T081344.477-1024x772.jpg\" class=\"attachment-large size-large wp-image-2367\" alt=\"\" srcset=\"https:\/\/aguadasmagica.com\/wp-content\/uploads\/2024\/02\/Diseno-sin-titulo-2024-02-13T081344.477-1024x772.jpg 1024w, https:\/\/aguadasmagica.com\/wp-content\/uploads\/2024\/02\/Diseno-sin-titulo-2024-02-13T081344.477-300x226.jpg 300w, https:\/\/aguadasmagica.com\/wp-content\/uploads\/2024\/02\/Diseno-sin-titulo-2024-02-13T081344.477-768x579.jpg 768w, https:\/\/aguadasmagica.com\/wp-content\/uploads\/2024\/02\/Diseno-sin-titulo-2024-02-13T081344.477.jpg 1191w\" sizes=\"(max-width: 1024px) 100vw, 1024px\" \/>\t\t\t\t\t\t\t\t<\/a>\n\t\t\t\t\t\t\t\t\t\t\t<figcaption class=\"widget-image-caption wp-caption-text\">Cabalgata<\/figcaption>\n\t\t\t\t\t\t\t\t\t\t<\/figure>\n\t\t\t\t\t\t\t\t\t<\/div>\n\t\t\t\t<\/div>\n\t\t\t\t<div class=\"elementor-element elementor-element-3bd1dc0 elementor-widget elementor-widget-image\" data-id=\"3bd1dc0\" data-element_type=\"widget\" data-widget_type=\"image.default\">\n\t\t\t\t<div class=\"elementor-widget-container\">\n\t\t\t\t\t\t\t\t\t\t\t\t<figure class=\"wp-caption\">\n\t\t\t\t\t\t\t\t\t\t\t<a href=\"https:\/\/aguadasmagica.com\/index.php\/tour-de-abejas\/\">\n\t\t\t\t\t\t\t<img loading=\"lazy\" decoding=\"async\" width=\"1024\" height=\"772\" src=\"https:\/\/aguadasmagica.com\/wp-content\/uploads\/2024\/02\/Diseno-sin-titulo-2024-02-13T082457.469-1024x772.jpg\" class=\"attachment-large size-large wp-image-2377\" alt=\"\" srcset=\"https:\/\/aguadasmagica.com\/wp-content\/uploads\/2024\/02\/Diseno-sin-titulo-2024-02-13T082457.469-1024x772.jpg 1024w, https:\/\/aguadasmagica.com\/wp-content\/uploads\/2024\/02\/Diseno-sin-titulo-2024-02-13T082457.469-300x226.jpg 300w, https:\/\/aguadasmagica.com\/wp-content\/uploads\/2024\/02\/Diseno-sin-titulo-2024-02-13T082457.469-768x579.jpg 768w, https:\/\/aguadasmagica.com\/wp-content\/uploads\/2024\/02\/Diseno-sin-titulo-2024-02-13T082457.469.jpg 1191w\" sizes=\"(max-width: 1024px) 100vw, 1024px\" \/>\t\t\t\t\t\t\t\t<\/a>\n\t\t\t\t\t\t\t\t\t\t\t<figcaption class=\"widget-image-caption wp-caption-text\">Tour de abejas<\/figcaption>\n\t\t\t\t\t\t\t\t\t\t<\/figure>\n\t\t\t\t\t\t\t\t\t<\/div>\n\t\t\t\t<\/div>\n\t\t\t\t\t<\/div>\n\t\t\t\t<\/div>\n\t\t\t\t<\/div>\n\t\t","protected":false},"excerpt":{"rendered":"<p>Experiencias Rurales Bienvenido a nuestras Aventuras Rurales, donde cada experiencia es una puerta a la riqueza de la vida en la zona rural. Desde recorridos fascinantes por fincas cafeteras hasta la dulce melod\u00eda de nuestros tours de apicultura, y desde el susurro m\u00e1gico de cascadas escondidas hasta la exploraci\u00f3n de la m\u00edstica ruta de los [&hellip;]<\/p>\n","protected":false},"author":1,"featured_media":0,"parent":0,"menu_order":0,"comment_status":"closed","ping_status":"closed","template":"","meta":{"om_disable_all_campaigns":false,"_monsterinsights_skip_tracking":false,"_monsterinsights_sitenote_active":false,"_monsterinsights_sitenote_note":"","_monsterinsights_sitenote_category":0,"site-sidebar-layout":"no-sidebar","site-content-layout":"page-builder","ast-site-content-layout":"full-width-container","site-content-style":"default","site-sidebar-style":"default","ast-global-header-display":"","ast-banner-title-visibility":"","ast-main-header-display":"","ast-hfb-above-header-display":"","ast-hfb-below-header-display":"","ast-hfb-mobile-header-display":"","site-post-title":"disabled","ast-breadcrumbs-content":"","ast-featured-img":"disabled","footer-sml-layout":"","theme-transparent-header-meta":"","adv-header-id-meta":"","stick-header-meta":"","header-above-stick-meta":"","header-main-stick-meta":"","header-below-stick-meta":"","astra-migrate-meta-layouts":"default","ast-page-background-enabled":"default","ast-page-background-meta":{"desktop":{"background-color":"var(--ast-global-color-4)","background-image":"","background-repeat":"repeat","background-position":"center center","background-size":"auto","background-attachment":"scroll","background-type":"","background-media":"","overlay-type":"","overlay-color":"","overlay-opacity":"","overlay-gradient":""},"tablet":{"background-color":"","background-image":"","background-repeat":"repeat","background-position":"center center","background-size":"auto","background-attachment":"scroll","background-type":"","background-media":"","overlay-type":"","overlay-color":"","overlay-opacity":"","overlay-gradient":""},"mobile":{"background-color":"","background-image":"","background-repeat":"repeat","background-position":"center center","background-size":"auto","background-attachment":"scroll","background-type":"","background-media":"","overlay-type":"","overlay-color":"","overlay-opacity":"","overlay-gradient":""}},"ast-content-background-meta":{"desktop":{"background-color":"var(--ast-global-color-5)","background-image":"","background-repeat":"repeat","background-position":"center center","background-size":"auto","background-attachment":"scroll","background-type":"","background-media":"","overlay-type":"","overlay-color":"","overlay-opacity":"","overlay-gradient":""},"tablet":{"background-color":"var(--ast-global-color-5)","background-image":"","background-repeat":"repeat","background-position":"center center","background-size":"auto","background-attachment":"scroll","background-type":"","background-media":"","overlay-type":"","overlay-color":"","overlay-opacity":"","overlay-gradient":""},"mobile":{"background-color":"var(--ast-global-color-5)","background-image":"","background-repeat":"repeat","background-position":"center center","background-size":"auto","background-attachment":"scroll","background-type":"","background-media":"","overlay-type":"","overlay-color":"","overlay-opacity":"","overlay-gradient":""}},"_joinchat":[],"footnotes":""},"_links":{"self":[{"href":"https:\/\/aguadasmagica.com\/index.php\/wp-json\/wp\/v2\/pages\/1834"}],"collection":[{"href":"https:\/\/aguadasmagica.com\/index.php\/wp-json\/wp\/v2\/pages"}],"about":[{"href":"https:\/\/aguadasmagica.com\/index.php\/wp-json\/wp\/v2\/types\/page"}],"author":[{"embeddable":true,"href":"https:\/\/aguadasmagica.com\/index.php\/wp-json\/wp\/v2\/users\/1"}],"replies":[{"embeddable":true,"href":"https:\/\/aguadasmagica.com\/index.php\/wp-json\/wp\/v2\/comments?post=1834"}],"version-history":[{"count":34,"href":"https:\/\/aguadasmagica.com\/index.php\/wp-json\/wp\/v2\/pages\/1834\/revisions"}],"predecessor-version":[{"id":2380,"href":"https:\/\/aguadasmagica.com\/index.php\/wp-json\/wp\/v2\/pages\/1834\/revisions\/2380"}],"wp:attachment":[{"href":"https:\/\/aguadasmagica.com\/index.php\/wp-json\/wp\/v2\/media?parent=1834"}],"curies":[{"name":"wp","href":"https:\/\/api.w.org\/{rel}","templated":true}]}}